{"id":404,"date":"2024-04-16T14:25:06","date_gmt":"2024-04-16T12:25:06","guid":{"rendered":"https:\/\/www.happy-cheese.com\/fr\/?page_id=404"},"modified":"2024-04-17T10:17:04","modified_gmt":"2024-04-17T08:17:04","slug":"private-label","status":"publish","type":"page","link":"https:\/\/www.happy-cheese.com\/fr\/private-label\/","title":{"rendered":"Private label"},"content":{"rendered":"\n<p>Dans le cadre de private label, nous fabriquons des produits fromagers sur mesure pour des march\u00e9s diff\u00e9rents. C&rsquo;est ainsi que nous produisons du fromage fondu en barquette, en bo\u00eete de conserve et en seau. Il est \u00e9galement possible de faire fabriquer du fromage (de cheddar) en tranches. Et, bien entendu, nous serons heureux de r\u00e9fl\u00e9chir avec vous \u00e0 un produit qui r\u00e9pondra aux besoins de votre public cible.<\/p>\n","protected":false},"excerpt":{"rendered":"<p class=\"excerpt\">Dans le cadre de private label, nous fabriquons des produits fromagers sur mesure pour des march\u00e9s diff\u00e9rents. C&#038;rsquo&#8230;<\/p>\n","protected":false},"author":1,"featured_media":0,"parent":0,"menu_order":0,"comment_status":"closed","ping_status":"closed","template":"template-parts\/template-private-label-products-listing.php","meta":{"_acf_changed":false,"_trash_the_other_posts":false,"editor_notices":[],"footnotes":""},"class_list":["post-404","page","type-page","status-publish","hentry"],"acf":[],"yoast_head":"<!-- This site is optimized with the Yoast SEO Premium plugin v27.2 (Yoast SEO v27.2) - https:\/\/yoast.com\/product\/yoast-seo-premium-wordpress\/ -->\n<title>Private label - Happy Cheese FR<\/title>\n<meta name=\"description\" content=\"D\u00e9couvrez notre gamme private label: en barquette, en bo\u00eete de conserve, en seau ou en tranches!\" \/>\n<meta name=\"robots\" content=\"index, follow, max-snippet:-1, max-image-preview:large, max-video-preview:-1\" \/>\n<link rel=\"canonical\" href=\"https:\/\/www.happy-cheese.com\/fr\/private-label\/\" \/>\n<meta property=\"og:locale\" content=\"fr_FR\" \/>\n<meta property=\"og:type\" content=\"article\" \/>\n<meta property=\"og:title\" content=\"Private label - Happy Cheese FR\" \/>\n<meta property=\"og:description\" content=\"D\u00e9couvrez notre gamme private label: en barquette, en bo\u00eete de conserve, en seau ou en tranches!\" \/>\n<meta property=\"og:url\" content=\"https:\/\/www.happy-cheese.com\/fr\/private-label\/\" \/>\n<meta property=\"og:site_name\" content=\"Happy Cheese FR\" \/>\n<meta property=\"article:modified_time\" content=\"2024-04-17T08:17:04+00:00\" \/>\n<meta name=\"twitter:card\" content=\"summary_large_image\" \/>\n<meta name=\"twitter:label1\" content=\"Dur\u00e9e de lecture estim\u00e9e\" \/>\n\t<meta name=\"twitter:data1\" content=\"1 minute\" \/>\n<script type=\"application\/ld+json\" class=\"yoast-schema-graph\">{\n\t    \"@context\": \"https:\/\/schema.org\",\n\t    \"@graph\": [\n\t        {\n\t            \"@type\": \"WebPage\",\n\t            \"@id\": \"https:\/\/www.happy-cheese.com\/fr\/private-label\/\",\n\t            \"url\": \"https:\/\/www.happy-cheese.com\/fr\/private-label\/\",\n\t            \"name\": \"Private label - Happy Cheese FR\",\n\t            \"isPartOf\": {\n\t                \"@id\": \"https:\/\/www.happy-cheese.com\/fr\/#website\"\n\t            },\n\t            \"datePublished\": \"2024-04-16T12:25:06+00:00\",\n\t            \"dateModified\": \"2024-04-17T08:17:04+00:00\",\n\t            \"description\": \"D\u00e9couvrez notre gamme private label: en barquette, en bo\u00eete de conserve, en seau ou en tranches!\",\n\t            \"breadcrumb\": {\n\t                \"@id\": \"https:\/\/www.happy-cheese.com\/fr\/private-label\/#breadcrumb\"\n\t            },\n\t            \"inLanguage\": \"fr-FR\",\n\t            \"potentialAction\": [\n\t                {\n\t                    \"@type\": \"ReadAction\",\n\t                    \"target\": [\n\t                        \"https:\/\/www.happy-cheese.com\/fr\/private-label\/\"\n\t                    ]\n\t                }\n\t            ]\n\t        },\n\t        {\n\t            \"@type\": \"BreadcrumbList\",\n\t            \"@id\": \"https:\/\/www.happy-cheese.com\/fr\/private-label\/#breadcrumb\",\n\t            \"itemListElement\": [\n\t                {\n\t                    \"@type\": \"ListItem\",\n\t                    \"position\": 1,\n\t                    \"name\": \"&nbsp;\",\n\t                    \"item\": \"https:\/\/www.happy-cheese.com\/fr\/\"\n\t                },\n\t                {\n\t                    \"@type\": \"ListItem\",\n\t                    \"position\": 2,\n\t                    \"name\": \"Private label\"\n\t                }\n\t            ]\n\t        },\n\t        {\n\t            \"@type\": \"WebSite\",\n\t            \"@id\": \"https:\/\/www.happy-cheese.com\/fr\/#website\",\n\t            \"url\": \"https:\/\/www.happy-cheese.com\/fr\/\",\n\t            \"name\": \"Happy Cheese\",\n\t            \"description\": \"\",\n\t            \"potentialAction\": [\n\t                {\n\t                    \"@type\": \"SearchAction\",\n\t                    \"target\": {\n\t                        \"@type\": \"EntryPoint\",\n\t                        \"urlTemplate\": \"https:\/\/www.happy-cheese.com\/fr\/?s={search_term_string}\"\n\t                    },\n\t                    \"query-input\": {\n\t                        \"@type\": \"PropertyValueSpecification\",\n\t                        \"valueRequired\": true,\n\t                        \"valueName\": \"search_term_string\"\n\t                    }\n\t                }\n\t            ],\n\t            \"inLanguage\": \"fr-FR\"\n\t        }\n\t    ]\n\t}<\/script>\n<!-- \/ Yoast SEO Premium plugin. -->","yoast_head_json":{"title":"Private label - Happy Cheese FR","description":"D\u00e9couvrez notre gamme private label: en barquette, en bo\u00eete de conserve, en seau ou en tranches!","robots":{"index":"index","follow":"follow","max-snippet":"max-snippet:-1","max-image-preview":"max-image-preview:large","max-video-preview":"max-video-preview:-1"},"canonical":"https:\/\/www.happy-cheese.com\/fr\/private-label\/","og_locale":"fr_FR","og_type":"article","og_title":"Private label - Happy Cheese FR","og_description":"D\u00e9couvrez notre gamme private label: en barquette, en bo\u00eete de conserve, en seau ou en tranches!","og_url":"https:\/\/www.happy-cheese.com\/fr\/private-label\/","og_site_name":"Happy Cheese FR","article_modified_time":"2024-04-17T08:17:04+00:00","twitter_card":"summary_large_image","twitter_misc":{"Dur\u00e9e de lecture estim\u00e9e":"1 minute"},"schema":{"@context":"https:\/\/schema.org","@graph":[{"@type":"WebPage","@id":"https:\/\/www.happy-cheese.com\/fr\/private-label\/","url":"https:\/\/www.happy-cheese.com\/fr\/private-label\/","name":"Private label - Happy Cheese FR","isPartOf":{"@id":"https:\/\/www.happy-cheese.com\/fr\/#website"},"datePublished":"2024-04-16T12:25:06+00:00","dateModified":"2024-04-17T08:17:04+00:00","description":"D\u00e9couvrez notre gamme private label: en barquette, en bo\u00eete de conserve, en seau ou en tranches!","breadcrumb":{"@id":"https:\/\/www.happy-cheese.com\/fr\/private-label\/#breadcrumb"},"inLanguage":"fr-FR","potentialAction":[{"@type":"ReadAction","target":["https:\/\/www.happy-cheese.com\/fr\/private-label\/"]}]},{"@type":"BreadcrumbList","@id":"https:\/\/www.happy-cheese.com\/fr\/private-label\/#breadcrumb","itemListElement":[{"@type":"ListItem","position":1,"name":"&nbsp;","item":"https:\/\/www.happy-cheese.com\/fr\/"},{"@type":"ListItem","position":2,"name":"Private label"}]},{"@type":"WebSite","@id":"https:\/\/www.happy-cheese.com\/fr\/#website","url":"https:\/\/www.happy-cheese.com\/fr\/","name":"Happy Cheese","description":"","potentialAction":[{"@type":"SearchAction","target":{"@type":"EntryPoint","urlTemplate":"https:\/\/www.happy-cheese.com\/fr\/?s={search_term_string}"},"query-input":{"@type":"PropertyValueSpecification","valueRequired":true,"valueName":"search_term_string"}}],"inLanguage":"fr-FR"}]}},"_links":{"self":[{"href":"https:\/\/www.happy-cheese.com\/fr\/wp-json\/wp\/v2\/pages\/404","targetHints":{"allow":["GET"]}}],"collection":[{"href":"https:\/\/www.happy-cheese.com\/fr\/wp-json\/wp\/v2\/pages"}],"about":[{"href":"https:\/\/www.happy-cheese.com\/fr\/wp-json\/wp\/v2\/types\/page"}],"author":[{"embeddable":true,"href":"https:\/\/www.happy-cheese.com\/fr\/wp-json\/wp\/v2\/users\/1"}],"replies":[{"embeddable":true,"href":"https:\/\/www.happy-cheese.com\/fr\/wp-json\/wp\/v2\/comments?post=404"}],"version-history":[{"count":2,"href":"https:\/\/www.happy-cheese.com\/fr\/wp-json\/wp\/v2\/pages\/404\/revisions"}],"predecessor-version":[{"id":418,"href":"https:\/\/www.happy-cheese.com\/fr\/wp-json\/wp\/v2\/pages\/404\/revisions\/418"}],"wp:attachment":[{"href":"https:\/\/www.happy-cheese.com\/fr\/wp-json\/wp\/v2\/media?parent=404"}],"curies":[{"name":"wp","href":"https:\/\/api.w.org\/{rel}","templated":true}]}}