{"id":344,"date":"2022-05-06T11:49:03","date_gmt":"2022-05-06T09:49:03","guid":{"rendered":"https:\/\/www.happy-cheese.com\/fr\/?page_id=344"},"modified":"2022-05-11T11:46:46","modified_gmt":"2022-05-11T09:46:46","slug":"happy-slices-900-grammes","status":"publish","type":"page","link":"https:\/\/www.happy-cheese.com\/fr\/assortiment\/slices\/happy-slices-900-grammes\/","title":{"rendered":"Happy Slices &#8211; 900g"},"content":{"rendered":"\n<p>Les Happy Slices sont des tranches de fromage fondu emball\u00e9es s\u00e9par\u00e9ment. Ces tranches de fromage fondu sont parfaites pour garnir un croque-monsieur, un hamburger et des nachos. Disponible dans deux vari\u00e9t\u00e9s de go\u00fbt : cheddar et gouda. Les emballages de 900 grammes contiennent 48 tranches de fromage fondu, emball\u00e9s chacune individuellement.<\/p>\n","protected":false},"excerpt":{"rendered":"<p class=\"excerpt\">Les Happy Slices sont des tranches de fromage fondu emball\u00e9es s\u00e9par\u00e9ment. Ces tranches de fromage fondu sont parfaite&#8230;<\/p>\n","protected":false},"author":2,"featured_media":0,"parent":31,"menu_order":0,"comment_status":"closed","ping_status":"closed","template":"template-parts\/template-products-listing.php","meta":{"_acf_changed":false,"_trash_the_other_posts":false,"editor_notices":[],"footnotes":""},"class_list":["post-344","page","type-page","status-publish","hentry"],"acf":[],"yoast_head":"<!-- This site is optimized with the Yoast SEO Premium plugin v27.2 (Yoast SEO v27.2) - https:\/\/yoast.com\/product\/yoast-seo-premium-wordpress\/ -->\n<title>Happy Slices - 900 grammes | Happy Cheese<\/title>\n<meta name=\"description\" content=\"Utilisez Happy Slices dans votre cuisine professionnelle. De d\u00e9licieuses tranches de fromage fondu pour croque-monsieur ou hamburgers.\" \/>\n<meta name=\"robots\" content=\"index, follow, max-snippet:-1, max-image-preview:large, max-video-preview:-1\" \/>\n<link rel=\"canonical\" href=\"https:\/\/www.happy-cheese.com\/fr\/assortiment\/slices\/happy-slices-900-grammes\/\" \/>\n<meta property=\"og:locale\" content=\"fr_FR\" \/>\n<meta property=\"og:type\" content=\"article\" \/>\n<meta property=\"og:title\" content=\"Happy Slices - 900 grammes | Happy Cheese\" \/>\n<meta property=\"og:description\" content=\"Utilisez Happy Slices dans votre cuisine professionnelle. De d\u00e9licieuses tranches de fromage fondu pour croque-monsieur ou hamburgers.\" \/>\n<meta property=\"og:url\" content=\"https:\/\/www.happy-cheese.com\/fr\/assortiment\/slices\/happy-slices-900-grammes\/\" \/>\n<meta property=\"og:site_name\" content=\"Happy Cheese FR\" \/>\n<meta property=\"article:modified_time\" content=\"2022-05-11T09:46:46+00:00\" \/>\n<meta name=\"twitter:card\" content=\"summary_large_image\" \/>\n<meta name=\"twitter:label1\" content=\"Dur\u00e9e de lecture estim\u00e9e\" \/>\n\t<meta name=\"twitter:data1\" content=\"1 minute\" \/>\n<script type=\"application\/ld+json\" class=\"yoast-schema-graph\">{\n\t    \"@context\": \"https:\/\/schema.org\",\n\t    \"@graph\": [\n\t        {\n\t            \"@type\": \"WebPage\",\n\t            \"@id\": \"https:\/\/www.happy-cheese.com\/fr\/assortiment\/slices\/happy-slices-900-grammes\/\",\n\t            \"url\": \"https:\/\/www.happy-cheese.com\/fr\/assortiment\/slices\/happy-slices-900-grammes\/\",\n\t            \"name\": \"Happy Slices - 900 grammes | Happy Cheese\",\n\t            \"isPartOf\": {\n\t                \"@id\": \"https:\/\/www.happy-cheese.com\/fr\/#website\"\n\t            },\n\t            \"datePublished\": \"2022-05-06T09:49:03+00:00\",\n\t            \"dateModified\": \"2022-05-11T09:46:46+00:00\",\n\t            \"description\": \"Utilisez Happy Slices dans votre cuisine professionnelle. De d\u00e9licieuses tranches de fromage fondu pour croque-monsieur ou hamburgers.\",\n\t            \"breadcrumb\": {\n\t                \"@id\": \"https:\/\/www.happy-cheese.com\/fr\/assortiment\/slices\/happy-slices-900-grammes\/#breadcrumb\"\n\t            },\n\t            \"inLanguage\": \"fr-FR\",\n\t            \"potentialAction\": [\n\t                {\n\t                    \"@type\": \"ReadAction\",\n\t                    \"target\": [\n\t                        \"https:\/\/www.happy-cheese.com\/fr\/assortiment\/slices\/happy-slices-900-grammes\/\"\n\t                    ]\n\t                }\n\t            ]\n\t        },\n\t        {\n\t            \"@type\": \"BreadcrumbList\",\n\t            \"@id\": \"https:\/\/www.happy-cheese.com\/fr\/assortiment\/slices\/happy-slices-900-grammes\/#breadcrumb\",\n\t            \"itemListElement\": [\n\t                {\n\t                    \"@type\": \"ListItem\",\n\t                    \"position\": 1,\n\t                    \"name\": \"&nbsp;\",\n\t                    \"item\": \"https:\/\/www.happy-cheese.com\/fr\/\"\n\t                },\n\t                {\n\t                    \"@type\": \"ListItem\",\n\t                    \"position\": 2,\n\t                    \"name\": \"Assortiment\",\n\t                    \"item\": \"https:\/\/www.happy-cheese.com\/fr\/assortiment\/\"\n\t                },\n\t                {\n\t                    \"@type\": \"ListItem\",\n\t                    \"position\": 3,\n\t                    \"name\": \"Happy Slices\",\n\t                    \"item\": \"https:\/\/www.happy-cheese.com\/fr\/assortiment\/slices\/\"\n\t                },\n\t                {\n\t                    \"@type\": \"ListItem\",\n\t                    \"position\": 4,\n\t                    \"name\": \"Happy Slices &#8211; 900g\"\n\t                }\n\t            ]\n\t        },\n\t        {\n\t            \"@type\": \"WebSite\",\n\t            \"@id\": \"https:\/\/www.happy-cheese.com\/fr\/#website\",\n\t            \"url\": \"https:\/\/www.happy-cheese.com\/fr\/\",\n\t            \"name\": \"Happy Cheese\",\n\t            \"description\": \"\",\n\t            \"potentialAction\": [\n\t                {\n\t                    \"@type\": \"SearchAction\",\n\t                    \"target\": {\n\t                        \"@type\": \"EntryPoint\",\n\t                        \"urlTemplate\": \"https:\/\/www.happy-cheese.com\/fr\/?s={search_term_string}\"\n\t                    },\n\t                    \"query-input\": {\n\t                        \"@type\": \"PropertyValueSpecification\",\n\t                        \"valueRequired\": true,\n\t                        \"valueName\": \"search_term_string\"\n\t                    }\n\t                }\n\t            ],\n\t            \"inLanguage\": \"fr-FR\"\n\t        }\n\t    ]\n\t}<\/script>\n<!-- \/ Yoast SEO Premium plugin. -->","yoast_head_json":{"title":"Happy Slices - 900 grammes | Happy Cheese","description":"Utilisez Happy Slices dans votre cuisine professionnelle. De d\u00e9licieuses tranches de fromage fondu pour croque-monsieur ou hamburgers.","robots":{"index":"index","follow":"follow","max-snippet":"max-snippet:-1","max-image-preview":"max-image-preview:large","max-video-preview":"max-video-preview:-1"},"canonical":"https:\/\/www.happy-cheese.com\/fr\/assortiment\/slices\/happy-slices-900-grammes\/","og_locale":"fr_FR","og_type":"article","og_title":"Happy Slices - 900 grammes | Happy Cheese","og_description":"Utilisez Happy Slices dans votre cuisine professionnelle. De d\u00e9licieuses tranches de fromage fondu pour croque-monsieur ou hamburgers.","og_url":"https:\/\/www.happy-cheese.com\/fr\/assortiment\/slices\/happy-slices-900-grammes\/","og_site_name":"Happy Cheese FR","article_modified_time":"2022-05-11T09:46:46+00:00","twitter_card":"summary_large_image","twitter_misc":{"Dur\u00e9e de lecture estim\u00e9e":"1 minute"},"schema":{"@context":"https:\/\/schema.org","@graph":[{"@type":"WebPage","@id":"https:\/\/www.happy-cheese.com\/fr\/assortiment\/slices\/happy-slices-900-grammes\/","url":"https:\/\/www.happy-cheese.com\/fr\/assortiment\/slices\/happy-slices-900-grammes\/","name":"Happy Slices - 900 grammes | Happy Cheese","isPartOf":{"@id":"https:\/\/www.happy-cheese.com\/fr\/#website"},"datePublished":"2022-05-06T09:49:03+00:00","dateModified":"2022-05-11T09:46:46+00:00","description":"Utilisez Happy Slices dans votre cuisine professionnelle. De d\u00e9licieuses tranches de fromage fondu pour croque-monsieur ou hamburgers.","breadcrumb":{"@id":"https:\/\/www.happy-cheese.com\/fr\/assortiment\/slices\/happy-slices-900-grammes\/#breadcrumb"},"inLanguage":"fr-FR","potentialAction":[{"@type":"ReadAction","target":["https:\/\/www.happy-cheese.com\/fr\/assortiment\/slices\/happy-slices-900-grammes\/"]}]},{"@type":"BreadcrumbList","@id":"https:\/\/www.happy-cheese.com\/fr\/assortiment\/slices\/happy-slices-900-grammes\/#breadcrumb","itemListElement":[{"@type":"ListItem","position":1,"name":"&nbsp;","item":"https:\/\/www.happy-cheese.com\/fr\/"},{"@type":"ListItem","position":2,"name":"Assortiment","item":"https:\/\/www.happy-cheese.com\/fr\/assortiment\/"},{"@type":"ListItem","position":3,"name":"Happy Slices","item":"https:\/\/www.happy-cheese.com\/fr\/assortiment\/slices\/"},{"@type":"ListItem","position":4,"name":"Happy Slices &#8211; 900g"}]},{"@type":"WebSite","@id":"https:\/\/www.happy-cheese.com\/fr\/#website","url":"https:\/\/www.happy-cheese.com\/fr\/","name":"Happy Cheese","description":"","potentialAction":[{"@type":"SearchAction","target":{"@type":"EntryPoint","urlTemplate":"https:\/\/www.happy-cheese.com\/fr\/?s={search_term_string}"},"query-input":{"@type":"PropertyValueSpecification","valueRequired":true,"valueName":"search_term_string"}}],"inLanguage":"fr-FR"}]}},"_links":{"self":[{"href":"https:\/\/www.happy-cheese.com\/fr\/wp-json\/wp\/v2\/pages\/344","targetHints":{"allow":["GET"]}}],"collection":[{"href":"https:\/\/www.happy-cheese.com\/fr\/wp-json\/wp\/v2\/pages"}],"about":[{"href":"https:\/\/www.happy-cheese.com\/fr\/wp-json\/wp\/v2\/types\/page"}],"author":[{"embeddable":true,"href":"https:\/\/www.happy-cheese.com\/fr\/wp-json\/wp\/v2\/users\/2"}],"replies":[{"embeddable":true,"href":"https:\/\/www.happy-cheese.com\/fr\/wp-json\/wp\/v2\/comments?post=344"}],"version-history":[{"count":3,"href":"https:\/\/www.happy-cheese.com\/fr\/wp-json\/wp\/v2\/pages\/344\/revisions"}],"predecessor-version":[{"id":367,"href":"https:\/\/www.happy-cheese.com\/fr\/wp-json\/wp\/v2\/pages\/344\/revisions\/367"}],"up":[{"embeddable":true,"href":"https:\/\/www.happy-cheese.com\/fr\/wp-json\/wp\/v2\/pages\/31"}],"wp:attachment":[{"href":"https:\/\/www.happy-cheese.com\/fr\/wp-json\/wp\/v2\/media?parent=344"}],"curies":[{"name":"wp","href":"https:\/\/api.w.org\/{rel}","templated":true}]}}