{"id":3,"date":"2021-09-08T08:15:16","date_gmt":"2021-09-08T08:15:16","guid":{"rendered":"https:\/\/www.happy-cheese.com\/?page_id=3"},"modified":"2022-05-30T13:48:38","modified_gmt":"2022-05-30T11:48:38","slug":"declaration-relative-a-la-vie-privee","status":"publish","type":"page","link":"https:\/\/www.happy-cheese.com\/fr\/declaration-relative-a-la-vie-privee\/","title":{"rendered":"D\u00e9claration relative \u00e0 la vie priv\u00e9e"},"content":{"rendered":"\n<p>Cette page Web d\u00e9crit notre m\u00e9thode de gestion des donn\u00e9es \u00e0 caract\u00e8re personnel que nous recueillons.<\/p>\n\n\n\n<h2 class=\"wp-block-heading\" id=\"h-protection\">Protection<\/h2>\n\n\n\n<p>Happy-cheese.com met tout en \u0153uvre afin de garantir la confidentialit\u00e9 et respecte la l\u00e9gislation ainsi que la r\u00e9glementation applicables, notamment le R\u00e8glement g\u00e9n\u00e9ral sur la protection des donn\u00e9es. Cet engagement implique, pour le moins :<\/p>\n\n\n\n<ul class=\"wp-block-list\"><li>Traiter les donn\u00e9es \u00e0 caract\u00e8re personnel selon l\u2019objet pour lequel elles ont \u00e9t\u00e9 fournies.<\/li><li>Limiter le traitement des donn\u00e9es \u00e0 caract\u00e8re personnel aux donn\u00e9es indispensables pour les objets pour lesquels elles ont \u00e9t\u00e9 fournies.<\/li><li>Demander le consentement explicite pour le traitement des donn\u00e9es \u00e0 caract\u00e8re personnel.<\/li><li>Prendre les mesures techniques et organisationnelles appropri\u00e9es en regard de la s\u00e9curit\u00e9 des donn\u00e9es \u00e0 caract\u00e8re personnel.<\/li><li>S\u2019abstenir de transf\u00e9rer des donn\u00e9es \u00e0 caract\u00e8re personnel \u00e0 des tiers sauf si cela s\u2019av\u00e8re n\u00e9cessaire aux objectifs pour lesquels elles ont \u00e9t\u00e9 fournies.<\/li><\/ul>\n\n\n\n<h2 class=\"wp-block-heading\" id=\"h-traitement\">Traitement<\/h2>\n\n\n\n<p>Les donn\u00e9es \u00e0 caract\u00e8re personnel sont trait\u00e9es pour g\u00e9rer les questions, compliments et\/ou, r\u00e9clamations que nous recevons via le formulaire de contact de notre site Web. Il implique les donn\u00e9es suivantes :<\/p>\n\n\n\n<ul class=\"wp-block-list\"><li>Pr\u00e9nom et nom<\/li><li>Adresse e-mail<\/li><li>Num\u00e9ro de t\u00e9l\u00e9phone<\/li><li>Nom de l\u2019entreprise<\/li><\/ul>\n\n\n\n<h2 class=\"wp-block-heading\" id=\"h-transfert-a-des-tiers\">Transfert \u00e0 des tiers<\/h2>\n\n\n\n<p>Les donn\u00e9es \u00e0 caract\u00e8re personnel peuvent \u00eatre trait\u00e9es par des tiers si c\u2019est n\u00e9cessaire aux objectifs d\u00e9crits pr\u00e9c\u00e9demment ou exig\u00e9, voire permis, par la loi. Happy-cheese.com ne transf\u00e8re pas de donn\u00e9es \u00e0 caract\u00e8re personnel \u00e0 d\u2019autres parties n\u2019ayant pas conclu un contrat de sous-traitance des donn\u00e9es. Des accords stricts ont \u00e9t\u00e9 conclus avec ces parties (sous-traitants des donn\u00e9es) sur la s\u00e9curit\u00e9 des donn\u00e9es \u00e0 caract\u00e8re personnel. Nous ne procurons pas de donn\u00e9es \u00e0 caract\u00e8re personnel \u00e0 des parties situ\u00e9es hors de l\u2019UE.<\/p>\n\n\n\n<h2 class=\"wp-block-heading\" id=\"h-periode-de-conservation\">P\u00e9riode de conservation<\/h2>\n\n\n\n<p>Happy-cheese.com ne conserve pas les donn\u00e9es \u00e0 caract\u00e8re personnel plus longtemps que n\u00e9cessaire aux objets pour lesquels elles ont \u00e9t\u00e9 fournies ou pas plus que ne l\u2019exige la loi. Ensuite, nous supprimons ou anonymisons les donn\u00e9es. Anonymiser signifie que les donn\u00e9es ne peuvent ramener \u00e0 la personne concern\u00e9e.<\/p>\n\n\n\n<h2 class=\"wp-block-heading\" id=\"h-droits-de-la-personne-concernee\">Droits de la personne concern\u00e9e<\/h2>\n\n\n\n<p>La personne concern\u00e9e dispose de droits d\u2019acc\u00e8s, de rectification, de transfert et d\u2019effacement des donn\u00e9es \u00e0 caract\u00e8re personnel. Il est aussi possible d\u2019objecter au traitement des donn\u00e9es \u00e0 caract\u00e8re personnel (en tout ou partie) par happy-cheese.com ou l\u2019un de ses sous-traitants des donn\u00e9es.<\/p>\n\n\n\n<h2 class=\"wp-block-heading\" id=\"h-informations\">Informations<\/h2>\n\n\n\n<p>Berjean<br>P.O. Box 99<br>3440 AB WOERDEN<br>Pays-Bas<br><a href=\"mailto:info@happycheese.com\" target=\"_blank\" rel=\"noreferrer noopener\">info@happycheese.com<\/a><\/p>\n","protected":false},"excerpt":{"rendered":"<p class=\"excerpt\">Cette page Web d\u00e9crit notre m\u00e9thode de gestion des donn\u00e9es \u00e0 caract\u00e8re personnel que nous recueillons. Protection H&#8230;<\/p>\n","protected":false},"author":1,"featured_media":0,"parent":0,"menu_order":11,"comment_status":"closed","ping_status":"closed","template":"","meta":{"_acf_changed":false,"_trash_the_other_posts":false,"editor_notices":[],"footnotes":""},"class_list":["post-3","page","type-page","status-publish","hentry"],"acf":[],"yoast_head":"<!-- This site is optimized with the Yoast SEO Premium plugin v27.2 (Yoast SEO v27.2) - https:\/\/yoast.com\/product\/yoast-seo-premium-wordpress\/ -->\n<title>D\u00e9claration relative \u00e0 la vie priv\u00e9e - Happy Cheese FR<\/title>\n<meta name=\"description\" content=\"Lees hier ons privacy statement.\" \/>\n<meta name=\"robots\" content=\"index, follow, max-snippet:-1, max-image-preview:large, max-video-preview:-1\" \/>\n<link rel=\"canonical\" href=\"https:\/\/www.happy-cheese.com\/fr\/declaration-relative-a-la-vie-privee\/\" \/>\n<meta property=\"og:locale\" content=\"fr_FR\" \/>\n<meta property=\"og:type\" content=\"article\" \/>\n<meta property=\"og:title\" content=\"D\u00e9claration relative \u00e0 la vie priv\u00e9e - Happy Cheese FR\" \/>\n<meta property=\"og:description\" content=\"Lees hier ons privacy statement.\" \/>\n<meta property=\"og:url\" content=\"https:\/\/www.happy-cheese.com\/fr\/declaration-relative-a-la-vie-privee\/\" \/>\n<meta property=\"og:site_name\" content=\"Happy Cheese FR\" \/>\n<meta property=\"article:modified_time\" content=\"2022-05-30T11:48:38+00:00\" \/>\n<meta name=\"twitter:card\" content=\"summary_large_image\" \/>\n<meta name=\"twitter:label1\" content=\"Dur\u00e9e de lecture estim\u00e9e\" \/>\n\t<meta name=\"twitter:data1\" content=\"2 minutes\" \/>\n<script type=\"application\/ld+json\" class=\"yoast-schema-graph\">{\n\t    \"@context\": \"https:\/\/schema.org\",\n\t    \"@graph\": [\n\t        {\n\t            \"@type\": \"WebPage\",\n\t            \"@id\": \"https:\/\/www.happy-cheese.com\/fr\/declaration-relative-a-la-vie-privee\/\",\n\t            \"url\": \"https:\/\/www.happy-cheese.com\/fr\/declaration-relative-a-la-vie-privee\/\",\n\t            \"name\": \"D\u00e9claration relative \u00e0 la vie priv\u00e9e - Happy Cheese FR\",\n\t            \"isPartOf\": {\n\t                \"@id\": \"https:\/\/www.happy-cheese.com\/fr\/#website\"\n\t            },\n\t            \"datePublished\": \"2021-09-08T08:15:16+00:00\",\n\t            \"dateModified\": \"2022-05-30T11:48:38+00:00\",\n\t            \"description\": \"Lees hier ons privacy statement.\",\n\t            \"breadcrumb\": {\n\t                \"@id\": \"https:\/\/www.happy-cheese.com\/fr\/declaration-relative-a-la-vie-privee\/#breadcrumb\"\n\t            },\n\t            \"inLanguage\": \"fr-FR\",\n\t            \"potentialAction\": [\n\t                {\n\t                    \"@type\": \"ReadAction\",\n\t                    \"target\": [\n\t                        \"https:\/\/www.happy-cheese.com\/fr\/declaration-relative-a-la-vie-privee\/\"\n\t                    ]\n\t                }\n\t            ]\n\t        },\n\t        {\n\t            \"@type\": \"BreadcrumbList\",\n\t            \"@id\": \"https:\/\/www.happy-cheese.com\/fr\/declaration-relative-a-la-vie-privee\/#breadcrumb\",\n\t            \"itemListElement\": [\n\t                {\n\t                    \"@type\": \"ListItem\",\n\t                    \"position\": 1,\n\t                    \"name\": \"&nbsp;\",\n\t                    \"item\": \"https:\/\/www.happy-cheese.com\/fr\/\"\n\t                },\n\t                {\n\t                    \"@type\": \"ListItem\",\n\t                    \"position\": 2,\n\t                    \"name\": \"D\u00e9claration relative \u00e0 la vie priv\u00e9e\"\n\t                }\n\t            ]\n\t        },\n\t        {\n\t            \"@type\": \"WebSite\",\n\t            \"@id\": \"https:\/\/www.happy-cheese.com\/fr\/#website\",\n\t            \"url\": \"https:\/\/www.happy-cheese.com\/fr\/\",\n\t            \"name\": \"Happy Cheese\",\n\t            \"description\": \"\",\n\t            \"potentialAction\": [\n\t                {\n\t                    \"@type\": \"SearchAction\",\n\t                    \"target\": {\n\t                        \"@type\": \"EntryPoint\",\n\t                        \"urlTemplate\": \"https:\/\/www.happy-cheese.com\/fr\/?s={search_term_string}\"\n\t                    },\n\t                    \"query-input\": {\n\t                        \"@type\": \"PropertyValueSpecification\",\n\t                        \"valueRequired\": true,\n\t                        \"valueName\": \"search_term_string\"\n\t                    }\n\t                }\n\t            ],\n\t            \"inLanguage\": \"fr-FR\"\n\t        }\n\t    ]\n\t}<\/script>\n<!-- \/ Yoast SEO Premium plugin. -->","yoast_head_json":{"title":"D\u00e9claration relative \u00e0 la vie priv\u00e9e - Happy Cheese FR","description":"Lees hier ons privacy statement.","robots":{"index":"index","follow":"follow","max-snippet":"max-snippet:-1","max-image-preview":"max-image-preview:large","max-video-preview":"max-video-preview:-1"},"canonical":"https:\/\/www.happy-cheese.com\/fr\/declaration-relative-a-la-vie-privee\/","og_locale":"fr_FR","og_type":"article","og_title":"D\u00e9claration relative \u00e0 la vie priv\u00e9e - Happy Cheese FR","og_description":"Lees hier ons privacy statement.","og_url":"https:\/\/www.happy-cheese.com\/fr\/declaration-relative-a-la-vie-privee\/","og_site_name":"Happy Cheese FR","article_modified_time":"2022-05-30T11:48:38+00:00","twitter_card":"summary_large_image","twitter_misc":{"Dur\u00e9e de lecture estim\u00e9e":"2 minutes"},"schema":{"@context":"https:\/\/schema.org","@graph":[{"@type":"WebPage","@id":"https:\/\/www.happy-cheese.com\/fr\/declaration-relative-a-la-vie-privee\/","url":"https:\/\/www.happy-cheese.com\/fr\/declaration-relative-a-la-vie-privee\/","name":"D\u00e9claration relative \u00e0 la vie priv\u00e9e - Happy Cheese FR","isPartOf":{"@id":"https:\/\/www.happy-cheese.com\/fr\/#website"},"datePublished":"2021-09-08T08:15:16+00:00","dateModified":"2022-05-30T11:48:38+00:00","description":"Lees hier ons privacy statement.","breadcrumb":{"@id":"https:\/\/www.happy-cheese.com\/fr\/declaration-relative-a-la-vie-privee\/#breadcrumb"},"inLanguage":"fr-FR","potentialAction":[{"@type":"ReadAction","target":["https:\/\/www.happy-cheese.com\/fr\/declaration-relative-a-la-vie-privee\/"]}]},{"@type":"BreadcrumbList","@id":"https:\/\/www.happy-cheese.com\/fr\/declaration-relative-a-la-vie-privee\/#breadcrumb","itemListElement":[{"@type":"ListItem","position":1,"name":"&nbsp;","item":"https:\/\/www.happy-cheese.com\/fr\/"},{"@type":"ListItem","position":2,"name":"D\u00e9claration relative \u00e0 la vie priv\u00e9e"}]},{"@type":"WebSite","@id":"https:\/\/www.happy-cheese.com\/fr\/#website","url":"https:\/\/www.happy-cheese.com\/fr\/","name":"Happy Cheese","description":"","potentialAction":[{"@type":"SearchAction","target":{"@type":"EntryPoint","urlTemplate":"https:\/\/www.happy-cheese.com\/fr\/?s={search_term_string}"},"query-input":{"@type":"PropertyValueSpecification","valueRequired":true,"valueName":"search_term_string"}}],"inLanguage":"fr-FR"}]}},"_links":{"self":[{"href":"https:\/\/www.happy-cheese.com\/fr\/wp-json\/wp\/v2\/pages\/3","targetHints":{"allow":["GET"]}}],"collection":[{"href":"https:\/\/www.happy-cheese.com\/fr\/wp-json\/wp\/v2\/pages"}],"about":[{"href":"https:\/\/www.happy-cheese.com\/fr\/wp-json\/wp\/v2\/types\/page"}],"author":[{"embeddable":true,"href":"https:\/\/www.happy-cheese.com\/fr\/wp-json\/wp\/v2\/users\/1"}],"replies":[{"embeddable":true,"href":"https:\/\/www.happy-cheese.com\/fr\/wp-json\/wp\/v2\/comments?post=3"}],"version-history":[{"count":4,"href":"https:\/\/www.happy-cheese.com\/fr\/wp-json\/wp\/v2\/pages\/3\/revisions"}],"predecessor-version":[{"id":337,"href":"https:\/\/www.happy-cheese.com\/fr\/wp-json\/wp\/v2\/pages\/3\/revisions\/337"}],"wp:attachment":[{"href":"https:\/\/www.happy-cheese.com\/fr\/wp-json\/wp\/v2\/media?parent=3"}],"curies":[{"name":"wp","href":"https:\/\/api.w.org\/{rel}","templated":true}]}}