{"id":2,"date":"2021-09-08T08:15:16","date_gmt":"2021-09-08T06:15:16","guid":{"rendered":"https:\/\/www.happy-cheese.com\/?page_id=2"},"modified":"2022-05-11T11:58:46","modified_gmt":"2022-05-11T09:58:46","slug":"wij-zijn-happy-cheese","status":"publish","type":"page","link":"https:\/\/www.happy-cheese.com\/fr\/","title":{"rendered":"Nous sommes Happy Cheese"},"content":{"rendered":"\n<p>Happy Cheese propose une large gamme de fromages fondus. Qu&rsquo;il s&rsquo;agisse de fromage fondu en barquette, de tranches de fromage fondu pr\u00e9emball\u00e9es de mani\u00e8re tr\u00e8s pratique ou de fromage \u00e0 tartiner en conditionnement de verre ou en bo\u00eete, il y a toujours un fromage qui r\u00e9pondra \u00e0 vos besoins.<\/p>\n","protected":false},"excerpt":{"rendered":"<p class=\"excerpt\">Happy Cheese propose une large gamme de fromages fondus. Qu&rsquo;il s&rsquo;agisse de fromage fondu en barquette, de tr&#8230;<\/p>\n","protected":false},"author":1,"featured_media":0,"parent":0,"menu_order":10,"comment_status":"closed","ping_status":"closed","template":"","meta":{"_acf_changed":false,"_trash_the_other_posts":false,"editor_notices":[],"footnotes":""},"class_list":["post-2","page","type-page","status-publish","hentry"],"acf":[],"yoast_head":"<!-- This site is optimized with the Yoast SEO Premium plugin v27.2 (Yoast SEO v27.2) - https:\/\/yoast.com\/product\/yoast-seo-premium-wordpress\/ -->\n<title>D\u00e9couvrez nos fromages fondus | Happy Cheese<\/title>\n<meta name=\"description\" content=\"D\u00e9couvrez nos fromages fondus en verre, en bo\u00eete et en barquette. \u00c9galement disponible : Happy Slices.\" \/>\n<meta name=\"robots\" content=\"index, follow, max-snippet:-1, max-image-preview:large, max-video-preview:-1\" \/>\n<link rel=\"canonical\" href=\"https:\/\/www.happy-cheese.com\/fr\/\" \/>\n<meta property=\"og:locale\" content=\"fr_FR\" \/>\n<meta property=\"og:type\" content=\"article\" \/>\n<meta property=\"og:title\" content=\"D\u00e9couvrez nos fromages fondus | Happy Cheese\" \/>\n<meta property=\"og:description\" content=\"D\u00e9couvrez nos fromages fondus en verre, en bo\u00eete et en barquette. \u00c9galement disponible : Happy Slices.\" \/>\n<meta property=\"og:url\" content=\"https:\/\/www.happy-cheese.com\/fr\/\" \/>\n<meta property=\"og:site_name\" content=\"Happy Cheese FR\" \/>\n<meta property=\"article:modified_time\" content=\"2022-05-11T09:58:46+00:00\" \/>\n<meta name=\"twitter:card\" content=\"summary_large_image\" \/>\n<meta name=\"twitter:label1\" content=\"Dur\u00e9e de lecture estim\u00e9e\" \/>\n\t<meta name=\"twitter:data1\" content=\"1 minute\" \/>\n<script type=\"application\/ld+json\" class=\"yoast-schema-graph\">{\n\t    \"@context\": \"https:\/\/schema.org\",\n\t    \"@graph\": [\n\t        {\n\t            \"@type\": \"WebPage\",\n\t            \"@id\": \"https:\/\/www.happy-cheese.com\/fr\/\",\n\t            \"url\": \"https:\/\/www.happy-cheese.com\/fr\/\",\n\t            \"name\": \"D\u00e9couvrez nos fromages fondus | Happy Cheese\",\n\t            \"isPartOf\": {\n\t                \"@id\": \"https:\/\/www.happy-cheese.com\/fr\/#website\"\n\t            },\n\t            \"datePublished\": \"2021-09-08T06:15:16+00:00\",\n\t            \"dateModified\": \"2022-05-11T09:58:46+00:00\",\n\t            \"description\": \"D\u00e9couvrez nos fromages fondus en verre, en bo\u00eete et en barquette. \u00c9galement disponible : Happy Slices.\",\n\t            \"breadcrumb\": {\n\t                \"@id\": \"https:\/\/www.happy-cheese.com\/fr\/#breadcrumb\"\n\t            },\n\t            \"inLanguage\": \"fr-FR\",\n\t            \"potentialAction\": [\n\t                {\n\t                    \"@type\": \"ReadAction\",\n\t                    \"target\": [\n\t                        \"https:\/\/www.happy-cheese.com\/fr\/\"\n\t                    ]\n\t                }\n\t            ]\n\t        },\n\t        {\n\t            \"@type\": \"BreadcrumbList\",\n\t            \"@id\": \"https:\/\/www.happy-cheese.com\/fr\/#breadcrumb\",\n\t            \"itemListElement\": [\n\t                {\n\t                    \"@type\": \"ListItem\",\n\t                    \"position\": 1,\n\t                    \"name\": \"&nbsp;\",\n\t                    \"item\": \"https:\/\/www.happy-cheese.com\/fr\/\"\n\t                },\n\t                {\n\t                    \"@type\": \"ListItem\",\n\t                    \"position\": 2,\n\t                    \"name\": \"Nous sommes Happy Cheese\"\n\t                }\n\t            ]\n\t        },\n\t        {\n\t            \"@type\": \"WebSite\",\n\t            \"@id\": \"https:\/\/www.happy-cheese.com\/fr\/#website\",\n\t            \"url\": \"https:\/\/www.happy-cheese.com\/fr\/\",\n\t            \"name\": \"Happy Cheese\",\n\t            \"description\": \"\",\n\t            \"potentialAction\": [\n\t                {\n\t                    \"@type\": \"SearchAction\",\n\t                    \"target\": {\n\t                        \"@type\": \"EntryPoint\",\n\t                        \"urlTemplate\": \"https:\/\/www.happy-cheese.com\/fr\/?s={search_term_string}\"\n\t                    },\n\t                    \"query-input\": {\n\t                        \"@type\": \"PropertyValueSpecification\",\n\t                        \"valueRequired\": true,\n\t                        \"valueName\": \"search_term_string\"\n\t                    }\n\t                }\n\t            ],\n\t            \"inLanguage\": \"fr-FR\"\n\t        }\n\t    ]\n\t}<\/script>\n<!-- \/ Yoast SEO Premium plugin. -->","yoast_head_json":{"title":"D\u00e9couvrez nos fromages fondus | Happy Cheese","description":"D\u00e9couvrez nos fromages fondus en verre, en bo\u00eete et en barquette. \u00c9galement disponible : Happy Slices.","robots":{"index":"index","follow":"follow","max-snippet":"max-snippet:-1","max-image-preview":"max-image-preview:large","max-video-preview":"max-video-preview:-1"},"canonical":"https:\/\/www.happy-cheese.com\/fr\/","og_locale":"fr_FR","og_type":"article","og_title":"D\u00e9couvrez nos fromages fondus | Happy Cheese","og_description":"D\u00e9couvrez nos fromages fondus en verre, en bo\u00eete et en barquette. \u00c9galement disponible : Happy Slices.","og_url":"https:\/\/www.happy-cheese.com\/fr\/","og_site_name":"Happy Cheese FR","article_modified_time":"2022-05-11T09:58:46+00:00","twitter_card":"summary_large_image","twitter_misc":{"Dur\u00e9e de lecture estim\u00e9e":"1 minute"},"schema":{"@context":"https:\/\/schema.org","@graph":[{"@type":"WebPage","@id":"https:\/\/www.happy-cheese.com\/fr\/","url":"https:\/\/www.happy-cheese.com\/fr\/","name":"D\u00e9couvrez nos fromages fondus | Happy Cheese","isPartOf":{"@id":"https:\/\/www.happy-cheese.com\/fr\/#website"},"datePublished":"2021-09-08T06:15:16+00:00","dateModified":"2022-05-11T09:58:46+00:00","description":"D\u00e9couvrez nos fromages fondus en verre, en bo\u00eete et en barquette. \u00c9galement disponible : Happy Slices.","breadcrumb":{"@id":"https:\/\/www.happy-cheese.com\/fr\/#breadcrumb"},"inLanguage":"fr-FR","potentialAction":[{"@type":"ReadAction","target":["https:\/\/www.happy-cheese.com\/fr\/"]}]},{"@type":"BreadcrumbList","@id":"https:\/\/www.happy-cheese.com\/fr\/#breadcrumb","itemListElement":[{"@type":"ListItem","position":1,"name":"&nbsp;","item":"https:\/\/www.happy-cheese.com\/fr\/"},{"@type":"ListItem","position":2,"name":"Nous sommes Happy Cheese"}]},{"@type":"WebSite","@id":"https:\/\/www.happy-cheese.com\/fr\/#website","url":"https:\/\/www.happy-cheese.com\/fr\/","name":"Happy Cheese","description":"","potentialAction":[{"@type":"SearchAction","target":{"@type":"EntryPoint","urlTemplate":"https:\/\/www.happy-cheese.com\/fr\/?s={search_term_string}"},"query-input":{"@type":"PropertyValueSpecification","valueRequired":true,"valueName":"search_term_string"}}],"inLanguage":"fr-FR"}]}},"_links":{"self":[{"href":"https:\/\/www.happy-cheese.com\/fr\/wp-json\/wp\/v2\/pages\/2","targetHints":{"allow":["GET"]}}],"collection":[{"href":"https:\/\/www.happy-cheese.com\/fr\/wp-json\/wp\/v2\/pages"}],"about":[{"href":"https:\/\/www.happy-cheese.com\/fr\/wp-json\/wp\/v2\/types\/page"}],"author":[{"embeddable":true,"href":"https:\/\/www.happy-cheese.com\/fr\/wp-json\/wp\/v2\/users\/1"}],"replies":[{"embeddable":true,"href":"https:\/\/www.happy-cheese.com\/fr\/wp-json\/wp\/v2\/comments?post=2"}],"version-history":[{"count":26,"href":"https:\/\/www.happy-cheese.com\/fr\/wp-json\/wp\/v2\/pages\/2\/revisions"}],"predecessor-version":[{"id":335,"href":"https:\/\/www.happy-cheese.com\/fr\/wp-json\/wp\/v2\/pages\/2\/revisions\/335"}],"wp:attachment":[{"href":"https:\/\/www.happy-cheese.com\/fr\/wp-json\/wp\/v2\/media?parent=2"}],"curies":[{"name":"wp","href":"https:\/\/api.w.org\/{rel}","templated":true}]}}