{"id":333,"date":"2022-05-04T13:53:58","date_gmt":"2022-05-04T11:53:58","guid":{"rendered":"https:\/\/www.happy-cheese.com\/de\/?page_id=333"},"modified":"2022-05-06T13:46:59","modified_gmt":"2022-05-06T11:46:59","slug":"dose","status":"publish","type":"page","link":"https:\/\/www.happy-cheese.com\/de\/sortiment\/dose\/","title":{"rendered":"Dose"},"content":{"rendered":"\n<p>Happy Processed Cheese ist ein nat\u00fcrlicher 45+-Schmelzk\u00e4se in der Dose. Der Schmelzk\u00e4se eignet sich ideal zur Zubereitung eines Sandwiches oder als Snack f\u00fcr zwischendurch.<\/p>\n","protected":false},"excerpt":{"rendered":"<p class=\"excerpt\">Happy Processed Cheese ist ein nat\u00fcrlicher 45+-Schmelzk\u00e4se in der Dose. Der Schmelzk\u00e4se eignet sich ideal zur Zuberei&#8230;<\/p>\n","protected":false},"author":2,"featured_media":313,"parent":29,"menu_order":0,"comment_status":"closed","ping_status":"closed","template":"template-parts\/template-products-listing.php","meta":{"_acf_changed":false,"_trash_the_other_posts":false,"editor_notices":[],"footnotes":""},"class_list":["post-333","page","type-page","status-publish","has-post-thumbnail","hentry"],"acf":[],"yoast_head":"<!-- This site is optimized with the Yoast SEO Premium plugin v27.2 (Yoast SEO v27.2) - https:\/\/yoast.com\/product\/yoast-seo-premium-wordpress\/ -->\n<title>Happy Processed Cheese \u2013 Dose | Happy Cheese<\/title>\n<meta name=\"description\" content=\"Dieser 45+ Happy Processed Cheese ist in einer 340-g-Dose erh\u00e4ltlich.\" \/>\n<meta name=\"robots\" content=\"index, follow, max-snippet:-1, max-image-preview:large, max-video-preview:-1\" \/>\n<link rel=\"canonical\" href=\"https:\/\/www.happy-cheese.com\/de\/sortiment\/dose\/\" \/>\n<meta property=\"og:locale\" content=\"de_DE\" \/>\n<meta property=\"og:type\" content=\"article\" \/>\n<meta property=\"og:title\" content=\"Happy Processed Cheese \u2013 Dose | Happy Cheese\" \/>\n<meta property=\"og:description\" content=\"Dieser 45+ Happy Processed Cheese ist in einer 340-g-Dose erh\u00e4ltlich.\" \/>\n<meta property=\"og:url\" content=\"https:\/\/www.happy-cheese.com\/de\/sortiment\/dose\/\" \/>\n<meta property=\"og:site_name\" content=\"Happy Cheese DE\" \/>\n<meta property=\"article:modified_time\" content=\"2022-05-06T11:46:59+00:00\" \/>\n<meta property=\"og:image\" content=\"https:\/\/www.happy-cheese.com\/de\/wp-content\/uploads\/sites\/10\/2022\/05\/happy-processed-cheese-340g-400x296-1.png\" \/>\n\t<meta property=\"og:image:width\" content=\"400\" \/>\n\t<meta property=\"og:image:height\" content=\"296\" \/>\n\t<meta property=\"og:image:type\" content=\"image\/png\" \/>\n<meta name=\"twitter:card\" content=\"summary_large_image\" \/>\n<meta name=\"twitter:label1\" content=\"Gesch\u00e4tzte Lesezeit\" \/>\n\t<meta name=\"twitter:data1\" content=\"1\u00a0Minute\" \/>\n<script type=\"application\/ld+json\" class=\"yoast-schema-graph\">{\n\t    \"@context\": \"https:\/\/schema.org\",\n\t    \"@graph\": [\n\t        {\n\t            \"@type\": \"WebPage\",\n\t            \"@id\": \"https:\/\/www.happy-cheese.com\/de\/sortiment\/dose\/\",\n\t            \"url\": \"https:\/\/www.happy-cheese.com\/de\/sortiment\/dose\/\",\n\t            \"name\": \"Happy Processed Cheese \u2013 Dose | Happy Cheese\",\n\t            \"isPartOf\": {\n\t                \"@id\": \"https:\/\/www.happy-cheese.com\/de\/#website\"\n\t            },\n\t            \"primaryImageOfPage\": {\n\t                \"@id\": \"https:\/\/www.happy-cheese.com\/de\/sortiment\/dose\/#primaryimage\"\n\t            },\n\t            \"image\": {\n\t                \"@id\": \"https:\/\/www.happy-cheese.com\/de\/sortiment\/dose\/#primaryimage\"\n\t            },\n\t            \"thumbnailUrl\": \"https:\/\/www.happy-cheese.com\/de\/wp-content\/uploads\/sites\/10\/2022\/05\/happy-processed-cheese-340g-400x296-1.png\",\n\t            \"datePublished\": \"2022-05-04T11:53:58+00:00\",\n\t            \"dateModified\": \"2022-05-06T11:46:59+00:00\",\n\t            \"description\": \"Dieser 45+ Happy Processed Cheese ist in einer 340-g-Dose erh\u00e4ltlich.\",\n\t            \"breadcrumb\": {\n\t                \"@id\": \"https:\/\/www.happy-cheese.com\/de\/sortiment\/dose\/#breadcrumb\"\n\t            },\n\t            \"inLanguage\": \"de\",\n\t            \"potentialAction\": [\n\t                {\n\t                    \"@type\": \"ReadAction\",\n\t                    \"target\": [\n\t                        \"https:\/\/www.happy-cheese.com\/de\/sortiment\/dose\/\"\n\t                    ]\n\t                }\n\t            ]\n\t        },\n\t        {\n\t            \"@type\": \"ImageObject\",\n\t            \"inLanguage\": \"de\",\n\t            \"@id\": \"https:\/\/www.happy-cheese.com\/de\/sortiment\/dose\/#primaryimage\",\n\t            \"url\": \"https:\/\/www.happy-cheese.com\/de\/wp-content\/uploads\/sites\/10\/2022\/05\/happy-processed-cheese-340g-400x296-1.png\",\n\t            \"contentUrl\": \"https:\/\/www.happy-cheese.com\/de\/wp-content\/uploads\/sites\/10\/2022\/05\/happy-processed-cheese-340g-400x296-1.png\",\n\t            \"width\": 400,\n\t            \"height\": 296\n\t        },\n\t        {\n\t            \"@type\": \"BreadcrumbList\",\n\t            \"@id\": \"https:\/\/www.happy-cheese.com\/de\/sortiment\/dose\/#breadcrumb\",\n\t            \"itemListElement\": [\n\t                {\n\t                    \"@type\": \"ListItem\",\n\t                    \"position\": 1,\n\t                    \"name\": \"&nbsp;\",\n\t                    \"item\": \"https:\/\/www.happy-cheese.com\/de\/\"\n\t                },\n\t                {\n\t                    \"@type\": \"ListItem\",\n\t                    \"position\": 2,\n\t                    \"name\": \"Sortiment\",\n\t                    \"item\": \"https:\/\/www.happy-cheese.com\/de\/sortiment\/\"\n\t                },\n\t                {\n\t                    \"@type\": \"ListItem\",\n\t                    \"position\": 3,\n\t                    \"name\": \"Dose\"\n\t                }\n\t            ]\n\t        },\n\t        {\n\t            \"@type\": \"WebSite\",\n\t            \"@id\": \"https:\/\/www.happy-cheese.com\/de\/#website\",\n\t            \"url\": \"https:\/\/www.happy-cheese.com\/de\/\",\n\t            \"name\": \"Happy Cheese\",\n\t            \"description\": \"\",\n\t            \"potentialAction\": [\n\t                {\n\t                    \"@type\": \"SearchAction\",\n\t                    \"target\": {\n\t                        \"@type\": \"EntryPoint\",\n\t                        \"urlTemplate\": \"https:\/\/www.happy-cheese.com\/de\/?s={search_term_string}\"\n\t                    },\n\t                    \"query-input\": {\n\t                        \"@type\": \"PropertyValueSpecification\",\n\t                        \"valueRequired\": true,\n\t                        \"valueName\": \"search_term_string\"\n\t                    }\n\t                }\n\t            ],\n\t            \"inLanguage\": \"de\"\n\t        }\n\t    ]\n\t}<\/script>\n<!-- \/ Yoast SEO Premium plugin. -->","yoast_head_json":{"title":"Happy Processed Cheese \u2013 Dose | Happy Cheese","description":"Dieser 45+ Happy Processed Cheese ist in einer 340-g-Dose erh\u00e4ltlich.","robots":{"index":"index","follow":"follow","max-snippet":"max-snippet:-1","max-image-preview":"max-image-preview:large","max-video-preview":"max-video-preview:-1"},"canonical":"https:\/\/www.happy-cheese.com\/de\/sortiment\/dose\/","og_locale":"de_DE","og_type":"article","og_title":"Happy Processed Cheese \u2013 Dose | Happy Cheese","og_description":"Dieser 45+ Happy Processed Cheese ist in einer 340-g-Dose erh\u00e4ltlich.","og_url":"https:\/\/www.happy-cheese.com\/de\/sortiment\/dose\/","og_site_name":"Happy Cheese DE","article_modified_time":"2022-05-06T11:46:59+00:00","og_image":[{"width":400,"height":296,"url":"https:\/\/www.happy-cheese.com\/de\/wp-content\/uploads\/sites\/10\/2022\/05\/happy-processed-cheese-340g-400x296-1.png","type":"image\/png"}],"twitter_card":"summary_large_image","twitter_misc":{"Gesch\u00e4tzte Lesezeit":"1\u00a0Minute"},"schema":{"@context":"https:\/\/schema.org","@graph":[{"@type":"WebPage","@id":"https:\/\/www.happy-cheese.com\/de\/sortiment\/dose\/","url":"https:\/\/www.happy-cheese.com\/de\/sortiment\/dose\/","name":"Happy Processed Cheese \u2013 Dose | Happy Cheese","isPartOf":{"@id":"https:\/\/www.happy-cheese.com\/de\/#website"},"primaryImageOfPage":{"@id":"https:\/\/www.happy-cheese.com\/de\/sortiment\/dose\/#primaryimage"},"image":{"@id":"https:\/\/www.happy-cheese.com\/de\/sortiment\/dose\/#primaryimage"},"thumbnailUrl":"https:\/\/www.happy-cheese.com\/de\/wp-content\/uploads\/sites\/10\/2022\/05\/happy-processed-cheese-340g-400x296-1.png","datePublished":"2022-05-04T11:53:58+00:00","dateModified":"2022-05-06T11:46:59+00:00","description":"Dieser 45+ Happy Processed Cheese ist in einer 340-g-Dose erh\u00e4ltlich.","breadcrumb":{"@id":"https:\/\/www.happy-cheese.com\/de\/sortiment\/dose\/#breadcrumb"},"inLanguage":"de","potentialAction":[{"@type":"ReadAction","target":["https:\/\/www.happy-cheese.com\/de\/sortiment\/dose\/"]}]},{"@type":"ImageObject","inLanguage":"de","@id":"https:\/\/www.happy-cheese.com\/de\/sortiment\/dose\/#primaryimage","url":"https:\/\/www.happy-cheese.com\/de\/wp-content\/uploads\/sites\/10\/2022\/05\/happy-processed-cheese-340g-400x296-1.png","contentUrl":"https:\/\/www.happy-cheese.com\/de\/wp-content\/uploads\/sites\/10\/2022\/05\/happy-processed-cheese-340g-400x296-1.png","width":400,"height":296},{"@type":"BreadcrumbList","@id":"https:\/\/www.happy-cheese.com\/de\/sortiment\/dose\/#breadcrumb","itemListElement":[{"@type":"ListItem","position":1,"name":"&nbsp;","item":"https:\/\/www.happy-cheese.com\/de\/"},{"@type":"ListItem","position":2,"name":"Sortiment","item":"https:\/\/www.happy-cheese.com\/de\/sortiment\/"},{"@type":"ListItem","position":3,"name":"Dose"}]},{"@type":"WebSite","@id":"https:\/\/www.happy-cheese.com\/de\/#website","url":"https:\/\/www.happy-cheese.com\/de\/","name":"Happy Cheese","description":"","potentialAction":[{"@type":"SearchAction","target":{"@type":"EntryPoint","urlTemplate":"https:\/\/www.happy-cheese.com\/de\/?s={search_term_string}"},"query-input":{"@type":"PropertyValueSpecification","valueRequired":true,"valueName":"search_term_string"}}],"inLanguage":"de"}]}},"_links":{"self":[{"href":"https:\/\/www.happy-cheese.com\/de\/wp-json\/wp\/v2\/pages\/333","targetHints":{"allow":["GET"]}}],"collection":[{"href":"https:\/\/www.happy-cheese.com\/de\/wp-json\/wp\/v2\/pages"}],"about":[{"href":"https:\/\/www.happy-cheese.com\/de\/wp-json\/wp\/v2\/types\/page"}],"author":[{"embeddable":true,"href":"https:\/\/www.happy-cheese.com\/de\/wp-json\/wp\/v2\/users\/2"}],"replies":[{"embeddable":true,"href":"https:\/\/www.happy-cheese.com\/de\/wp-json\/wp\/v2\/comments?post=333"}],"version-history":[{"count":2,"href":"https:\/\/www.happy-cheese.com\/de\/wp-json\/wp\/v2\/pages\/333\/revisions"}],"predecessor-version":[{"id":358,"href":"https:\/\/www.happy-cheese.com\/de\/wp-json\/wp\/v2\/pages\/333\/revisions\/358"}],"up":[{"embeddable":true,"href":"https:\/\/www.happy-cheese.com\/de\/wp-json\/wp\/v2\/pages\/29"}],"wp:featuredmedia":[{"embeddable":true,"href":"https:\/\/www.happy-cheese.com\/de\/wp-json\/wp\/v2\/media\/313"}],"wp:attachment":[{"href":"https:\/\/www.happy-cheese.com\/de\/wp-json\/wp\/v2\/media?parent=333"}],"curies":[{"name":"wp","href":"https:\/\/api.w.org\/{rel}","templated":true}]}}