{"id":3,"date":"2021-09-08T08:15:16","date_gmt":"2021-09-08T08:15:16","guid":{"rendered":"https:\/\/www.happy-cheese.com\/?page_id=3"},"modified":"2022-05-30T13:47:38","modified_gmt":"2022-05-30T11:47:38","slug":"datenschutzerklarung","status":"publish","type":"page","link":"https:\/\/www.happy-cheese.com\/de\/datenschutzerklarung\/","title":{"rendered":"Datenschutzerkl\u00e4rung"},"content":{"rendered":"\n<p>Auf dieser Website beschreiben wir, wie wir mit den von uns gesammelten personenbezogenen Daten umgehen.<\/p>\n\n\n\n<h2 class=\"wp-block-heading\" id=\"h-schutz-der-privatsphare\">Schutz der Privatsph\u00e4re<\/h2>\n\n\n\n<p>Happy-cheese.com setzt sich nach besten Kr\u00e4ften daf\u00fcr ein, Ihre Privatsph\u00e4re zu sch\u00fctzen und h\u00e4lt sich genau an die diesbez\u00fcglich geltenden Datenschutzgesetze und Bestimmungen, unter anderem an die Datenschutz-Grundverordnung der EU (Regeln f\u00fcr die Verarbeitung von personenbezogenen Daten durch private Unternehmen in der EU). Dies bedeutet, dass wir in jedem Falle:<\/p>\n\n\n\n<ul class=\"wp-block-list\"><li>personenbezogene Daten verarbeiten gem\u00e4\u00df dem Zweck, zu dem sie erhoben wurden<\/li><li>die Verarbeitung personenbezogener Daten beschr\u00e4nken auf die Daten, die mindestens notwendig sind, um den Zweck zu erf\u00fcllen, zu dem sie erhoben wurden<\/li><li>Ihre ausdr\u00fcckliche Zustimmung einholen, um personenbezogene Daten verarbeiten zu d\u00fcrfen<\/li><li>angemessene technische und\/oder organisatorische Ma\u00dfnahmen im Hinblick auf die Sicherung und Sicherheit Ihrer personenbezogenen Daten ergriffen haben<\/li><li>keine personenbezogenen Daten an Dritte weiterleiten, es sei denn, dass dies notwendig w\u00e4re, um den Zweck erf\u00fcllen zu k\u00f6nnen, zu dem die betreffenden Daten erhoben wurden<\/li><\/ul>\n\n\n\n<h2 class=\"wp-block-heading\" id=\"h-verarbeitung\">Verarbeitung<\/h2>\n\n\n\n<p>Personenbezogene Daten werden von uns verarbeitet, um Fragen, positives Feedback und Beschwerden unserer Kunden bearbeiten zu k\u00f6nnen, die wir \u00fcber das Kontaktformular unserer Website erhalten sowie um Gewinnspiele und Gewinnaktionen bearbeiten zu k\u00f6nnen. In diesem Zusammenhang werden von uns folgende Daten erhoben:<\/p>\n\n\n\n<ul class=\"wp-block-list\"><li>Vor- und Nachname<\/li><li>E-Mail-Adresse<\/li><li>Telefonnummer<\/li><li>Firmenname<\/li><\/ul>\n\n\n\n<h2 class=\"wp-block-heading\" id=\"h-weitergabe-von-daten-an-dritte\">Weitergabe von Daten an Dritte<\/h2>\n\n\n\n<p>Personenbezogene Daten d\u00fcrfen von Dritten verarbeitet werden, sofern dies zur Erf\u00fcllung des oben angegebenen Zweckes erforderlich ist oder sofern dies gesetzlich vorgeschrieben bzw. rechtlich zul\u00e4ssig ist. Happy-cheese.com \u00fcbermittelt keine personenbezogenen Daten an andere Parteien bzw. Dritte, mit denen kein Bearbeitungsvertrag abgeschlossen wurde. Mit diesen Parteien (Verarbeiter) wurden genaue Vereinbarungen in Bezug auf die Sicherung bzw. Sicherheit personenbezogener Daten getroffen. Wir \u00fcbermitteln keine personenbezogenen Daten an Parteien, die au\u00dferhalb der EU ans\u00e4ssig sind.<\/p>\n\n\n\n<h2 class=\"wp-block-heading\" id=\"h-aufbewahrungsfrist-fur-die-daten\">Aufbewahrungsfrist f\u00fcr die Daten<\/h2>\n\n\n\n<p>Happy-cheese.com bewahrt personenbezogene Daten nicht l\u00e4nger auf, als dies notwendig ist, um den Zweck zu erf\u00fcllen, f\u00fcr den die Daten urspr\u00fcnglich erhoben wurden bzw. speichert die Daten nicht l\u00e4nger, als dies gesetzlich vorgeschrieben ist. Nach Ablauf dieser Frist l\u00f6schen oder anonymisieren wir die Daten. Eine Anonymisierung beinhaltet, dass die Daten nicht mit der betreffenden individuellen Person in Verbindung gebracht werden k\u00f6nnen und daher keine R\u00fcckschl\u00fcsse auf diese Person m\u00f6glich sind.<\/p>\n\n\n\n<h2 class=\"wp-block-heading\" id=\"h-rechte-der-betroffenen-personen\">Rechte der betroffenen Personen<\/h2>\n\n\n\n<p>Die von der Datenerhebung betroffene Person hat das Recht, ihre pers\u00f6nlichen Daten einzusehen, diese zu berichtigen, zu \u00fcbertragen oder zu l\u00f6schen. Es ist ferner zul\u00e4ssig, der Verarbeitung von pers\u00f6nlichen Daten (oder eines Teils dieser Daten) durch happy-cheese.com oder durch einen seiner Datenverarbeiter zu widersprechen.<\/p>\n\n\n\n<h2 class=\"wp-block-heading\" id=\"h-informationen\">Informationen<\/h2>\n\n\n\n<p>Berjean<br>P.O. Box 99<br>3440 AB WOERDEN<br>Niederlande<br><a href=\"mailto:info@happy-cheese.com\">info@happy-cheese.com<\/a><\/p>\n","protected":false},"excerpt":{"rendered":"<p class=\"excerpt\">Auf dieser Website beschreiben wir, wie wir mit den von uns gesammelten personenbezogenen Daten umgehen. Schutz der Priv&#8230;<\/p>\n","protected":false},"author":1,"featured_media":0,"parent":0,"menu_order":11,"comment_status":"closed","ping_status":"closed","template":"","meta":{"_acf_changed":false,"_trash_the_other_posts":false,"editor_notices":[],"footnotes":""},"class_list":["post-3","page","type-page","status-publish","hentry"],"acf":[],"yoast_head":"<!-- This site is optimized with the Yoast SEO Premium plugin v27.2 (Yoast SEO v27.2) - https:\/\/yoast.com\/product\/yoast-seo-premium-wordpress\/ -->\n<title>Datenschutzerkl\u00e4rung | Happy Cheese<\/title>\n<meta name=\"description\" content=\"Unsere Datenschutzerkl\u00e4rung finden Sie hier.\" \/>\n<meta name=\"robots\" content=\"index, follow, max-snippet:-1, max-image-preview:large, max-video-preview:-1\" \/>\n<link rel=\"canonical\" href=\"https:\/\/www.happy-cheese.com\/de\/datenschutzerklarung\/\" \/>\n<meta property=\"og:locale\" content=\"de_DE\" \/>\n<meta property=\"og:type\" content=\"article\" \/>\n<meta property=\"og:title\" content=\"Datenschutzerkl\u00e4rung | Happy Cheese\" \/>\n<meta property=\"og:description\" content=\"Unsere Datenschutzerkl\u00e4rung finden Sie hier.\" \/>\n<meta property=\"og:url\" content=\"https:\/\/www.happy-cheese.com\/de\/datenschutzerklarung\/\" \/>\n<meta property=\"og:site_name\" content=\"Happy Cheese DE\" \/>\n<meta property=\"article:modified_time\" content=\"2022-05-30T11:47:38+00:00\" \/>\n<meta name=\"twitter:card\" content=\"summary_large_image\" \/>\n<meta name=\"twitter:label1\" content=\"Gesch\u00e4tzte Lesezeit\" \/>\n\t<meta name=\"twitter:data1\" content=\"3\u00a0Minuten\" \/>\n<script type=\"application\/ld+json\" class=\"yoast-schema-graph\">{\n\t    \"@context\": \"https:\/\/schema.org\",\n\t    \"@graph\": [\n\t        {\n\t            \"@type\": \"WebPage\",\n\t            \"@id\": \"https:\/\/www.happy-cheese.com\/de\/datenschutzerklarung\/\",\n\t            \"url\": \"https:\/\/www.happy-cheese.com\/de\/datenschutzerklarung\/\",\n\t            \"name\": \"Datenschutzerkl\u00e4rung | Happy Cheese\",\n\t            \"isPartOf\": {\n\t                \"@id\": \"https:\/\/www.happy-cheese.com\/de\/#website\"\n\t            },\n\t            \"datePublished\": \"2021-09-08T08:15:16+00:00\",\n\t            \"dateModified\": \"2022-05-30T11:47:38+00:00\",\n\t            \"description\": \"Unsere Datenschutzerkl\u00e4rung finden Sie hier.\",\n\t            \"breadcrumb\": {\n\t                \"@id\": \"https:\/\/www.happy-cheese.com\/de\/datenschutzerklarung\/#breadcrumb\"\n\t            },\n\t            \"inLanguage\": \"de\",\n\t            \"potentialAction\": [\n\t                {\n\t                    \"@type\": \"ReadAction\",\n\t                    \"target\": [\n\t                        \"https:\/\/www.happy-cheese.com\/de\/datenschutzerklarung\/\"\n\t                    ]\n\t                }\n\t            ]\n\t        },\n\t        {\n\t            \"@type\": \"BreadcrumbList\",\n\t            \"@id\": \"https:\/\/www.happy-cheese.com\/de\/datenschutzerklarung\/#breadcrumb\",\n\t            \"itemListElement\": [\n\t                {\n\t                    \"@type\": \"ListItem\",\n\t                    \"position\": 1,\n\t                    \"name\": \"&nbsp;\",\n\t                    \"item\": \"https:\/\/www.happy-cheese.com\/de\/\"\n\t                },\n\t                {\n\t                    \"@type\": \"ListItem\",\n\t                    \"position\": 2,\n\t                    \"name\": \"Datenschutzerkl\u00e4rung\"\n\t                }\n\t            ]\n\t        },\n\t        {\n\t            \"@type\": \"WebSite\",\n\t            \"@id\": \"https:\/\/www.happy-cheese.com\/de\/#website\",\n\t            \"url\": \"https:\/\/www.happy-cheese.com\/de\/\",\n\t            \"name\": \"Happy Cheese\",\n\t            \"description\": \"\",\n\t            \"potentialAction\": [\n\t                {\n\t                    \"@type\": \"SearchAction\",\n\t                    \"target\": {\n\t                        \"@type\": \"EntryPoint\",\n\t                        \"urlTemplate\": \"https:\/\/www.happy-cheese.com\/de\/?s={search_term_string}\"\n\t                    },\n\t                    \"query-input\": {\n\t                        \"@type\": \"PropertyValueSpecification\",\n\t                        \"valueRequired\": true,\n\t                        \"valueName\": \"search_term_string\"\n\t                    }\n\t                }\n\t            ],\n\t            \"inLanguage\": \"de\"\n\t        }\n\t    ]\n\t}<\/script>\n<!-- \/ Yoast SEO Premium plugin. -->","yoast_head_json":{"title":"Datenschutzerkl\u00e4rung | Happy Cheese","description":"Unsere Datenschutzerkl\u00e4rung finden Sie hier.","robots":{"index":"index","follow":"follow","max-snippet":"max-snippet:-1","max-image-preview":"max-image-preview:large","max-video-preview":"max-video-preview:-1"},"canonical":"https:\/\/www.happy-cheese.com\/de\/datenschutzerklarung\/","og_locale":"de_DE","og_type":"article","og_title":"Datenschutzerkl\u00e4rung | Happy Cheese","og_description":"Unsere Datenschutzerkl\u00e4rung finden Sie hier.","og_url":"https:\/\/www.happy-cheese.com\/de\/datenschutzerklarung\/","og_site_name":"Happy Cheese DE","article_modified_time":"2022-05-30T11:47:38+00:00","twitter_card":"summary_large_image","twitter_misc":{"Gesch\u00e4tzte Lesezeit":"3\u00a0Minuten"},"schema":{"@context":"https:\/\/schema.org","@graph":[{"@type":"WebPage","@id":"https:\/\/www.happy-cheese.com\/de\/datenschutzerklarung\/","url":"https:\/\/www.happy-cheese.com\/de\/datenschutzerklarung\/","name":"Datenschutzerkl\u00e4rung | Happy Cheese","isPartOf":{"@id":"https:\/\/www.happy-cheese.com\/de\/#website"},"datePublished":"2021-09-08T08:15:16+00:00","dateModified":"2022-05-30T11:47:38+00:00","description":"Unsere Datenschutzerkl\u00e4rung finden Sie hier.","breadcrumb":{"@id":"https:\/\/www.happy-cheese.com\/de\/datenschutzerklarung\/#breadcrumb"},"inLanguage":"de","potentialAction":[{"@type":"ReadAction","target":["https:\/\/www.happy-cheese.com\/de\/datenschutzerklarung\/"]}]},{"@type":"BreadcrumbList","@id":"https:\/\/www.happy-cheese.com\/de\/datenschutzerklarung\/#breadcrumb","itemListElement":[{"@type":"ListItem","position":1,"name":"&nbsp;","item":"https:\/\/www.happy-cheese.com\/de\/"},{"@type":"ListItem","position":2,"name":"Datenschutzerkl\u00e4rung"}]},{"@type":"WebSite","@id":"https:\/\/www.happy-cheese.com\/de\/#website","url":"https:\/\/www.happy-cheese.com\/de\/","name":"Happy Cheese","description":"","potentialAction":[{"@type":"SearchAction","target":{"@type":"EntryPoint","urlTemplate":"https:\/\/www.happy-cheese.com\/de\/?s={search_term_string}"},"query-input":{"@type":"PropertyValueSpecification","valueRequired":true,"valueName":"search_term_string"}}],"inLanguage":"de"}]}},"_links":{"self":[{"href":"https:\/\/www.happy-cheese.com\/de\/wp-json\/wp\/v2\/pages\/3","targetHints":{"allow":["GET"]}}],"collection":[{"href":"https:\/\/www.happy-cheese.com\/de\/wp-json\/wp\/v2\/pages"}],"about":[{"href":"https:\/\/www.happy-cheese.com\/de\/wp-json\/wp\/v2\/types\/page"}],"author":[{"embeddable":true,"href":"https:\/\/www.happy-cheese.com\/de\/wp-json\/wp\/v2\/users\/1"}],"replies":[{"embeddable":true,"href":"https:\/\/www.happy-cheese.com\/de\/wp-json\/wp\/v2\/comments?post=3"}],"version-history":[{"count":4,"href":"https:\/\/www.happy-cheese.com\/de\/wp-json\/wp\/v2\/pages\/3\/revisions"}],"predecessor-version":[{"id":349,"href":"https:\/\/www.happy-cheese.com\/de\/wp-json\/wp\/v2\/pages\/3\/revisions\/349"}],"wp:attachment":[{"href":"https:\/\/www.happy-cheese.com\/de\/wp-json\/wp\/v2\/media?parent=3"}],"curies":[{"name":"wp","href":"https:\/\/api.w.org\/{rel}","templated":true}]}}