{"id":2,"date":"2021-09-08T08:15:16","date_gmt":"2021-09-08T06:15:16","guid":{"rendered":"https:\/\/www.happy-cheese.com\/?page_id=2"},"modified":"2022-05-11T11:57:57","modified_gmt":"2022-05-11T09:57:57","slug":"wij-zijn-happy-cheese","status":"publish","type":"page","link":"https:\/\/www.happy-cheese.com\/de\/","title":{"rendered":"Wir sind Happy Cheese"},"content":{"rendered":"\n<p>Happy Cheese f\u00fchrt ein breites Schmelzk\u00e4se-Sortiment. Ob Schmelzk\u00e4se in einem Beh\u00e4lter, praktisch vorverpackte Schmelzk\u00e4se-Scheiben oder K\u00e4seaufstrich im Glas oder in der Dose: Bei uns finden Sie immer einen K\u00e4se, der Ihre Anforderungen erf\u00fcllt.<\/p>\n","protected":false},"excerpt":{"rendered":"<p class=\"excerpt\">Happy Cheese f\u00fchrt ein breites Schmelzk\u00e4se-Sortiment. Ob Schmelzk\u00e4se in einem Beh\u00e4lter, praktisch vorverpackte Schme&#8230;<\/p>\n","protected":false},"author":1,"featured_media":0,"parent":0,"menu_order":10,"comment_status":"closed","ping_status":"closed","template":"","meta":{"_acf_changed":false,"_trash_the_other_posts":false,"editor_notices":[],"footnotes":""},"class_list":["post-2","page","type-page","status-publish","hentry"],"acf":[],"yoast_head":"<!-- This site is optimized with the Yoast SEO Premium plugin v27.2 (Yoast SEO v27.2) - https:\/\/yoast.com\/product\/yoast-seo-premium-wordpress\/ -->\n<title>Schauen Sie sich unser Schmelzk\u00e4se-Sortiment an | Happy Cheese<\/title>\n<meta name=\"description\" content=\"Entdecken Sie unsere Schmelzk\u00e4se im Glas, in der Dose und im Beh\u00e4lter. Auch erh\u00e4ltlich: Happy Slices.\" \/>\n<meta name=\"robots\" content=\"index, follow, max-snippet:-1, max-image-preview:large, max-video-preview:-1\" \/>\n<link rel=\"canonical\" href=\"https:\/\/www.happy-cheese.com\/de\/\" \/>\n<meta property=\"og:locale\" content=\"de_DE\" \/>\n<meta property=\"og:type\" content=\"article\" \/>\n<meta property=\"og:title\" content=\"Schauen Sie sich unser Schmelzk\u00e4se-Sortiment an | Happy Cheese\" \/>\n<meta property=\"og:description\" content=\"Entdecken Sie unsere Schmelzk\u00e4se im Glas, in der Dose und im Beh\u00e4lter. Auch erh\u00e4ltlich: Happy Slices.\" \/>\n<meta property=\"og:url\" content=\"https:\/\/www.happy-cheese.com\/de\/\" \/>\n<meta property=\"og:site_name\" content=\"Happy Cheese DE\" \/>\n<meta property=\"article:modified_time\" content=\"2022-05-11T09:57:57+00:00\" \/>\n<meta name=\"twitter:card\" content=\"summary_large_image\" \/>\n<meta name=\"twitter:label1\" content=\"Gesch\u00e4tzte Lesezeit\" \/>\n\t<meta name=\"twitter:data1\" content=\"1\u00a0Minute\" \/>\n<script type=\"application\/ld+json\" class=\"yoast-schema-graph\">{\n\t    \"@context\": \"https:\/\/schema.org\",\n\t    \"@graph\": [\n\t        {\n\t            \"@type\": \"WebPage\",\n\t            \"@id\": \"https:\/\/www.happy-cheese.com\/de\/\",\n\t            \"url\": \"https:\/\/www.happy-cheese.com\/de\/\",\n\t            \"name\": \"Schauen Sie sich unser Schmelzk\u00e4se-Sortiment an | Happy Cheese\",\n\t            \"isPartOf\": {\n\t                \"@id\": \"https:\/\/www.happy-cheese.com\/de\/#website\"\n\t            },\n\t            \"datePublished\": \"2021-09-08T06:15:16+00:00\",\n\t            \"dateModified\": \"2022-05-11T09:57:57+00:00\",\n\t            \"description\": \"Entdecken Sie unsere Schmelzk\u00e4se im Glas, in der Dose und im Beh\u00e4lter. Auch erh\u00e4ltlich: Happy Slices.\",\n\t            \"breadcrumb\": {\n\t                \"@id\": \"https:\/\/www.happy-cheese.com\/de\/#breadcrumb\"\n\t            },\n\t            \"inLanguage\": \"de\",\n\t            \"potentialAction\": [\n\t                {\n\t                    \"@type\": \"ReadAction\",\n\t                    \"target\": [\n\t                        \"https:\/\/www.happy-cheese.com\/de\/\"\n\t                    ]\n\t                }\n\t            ]\n\t        },\n\t        {\n\t            \"@type\": \"BreadcrumbList\",\n\t            \"@id\": \"https:\/\/www.happy-cheese.com\/de\/#breadcrumb\",\n\t            \"itemListElement\": [\n\t                {\n\t                    \"@type\": \"ListItem\",\n\t                    \"position\": 1,\n\t                    \"name\": \"&nbsp;\",\n\t                    \"item\": \"https:\/\/www.happy-cheese.com\/de\/\"\n\t                },\n\t                {\n\t                    \"@type\": \"ListItem\",\n\t                    \"position\": 2,\n\t                    \"name\": \"Wir sind Happy Cheese\"\n\t                }\n\t            ]\n\t        },\n\t        {\n\t            \"@type\": \"WebSite\",\n\t            \"@id\": \"https:\/\/www.happy-cheese.com\/de\/#website\",\n\t            \"url\": \"https:\/\/www.happy-cheese.com\/de\/\",\n\t            \"name\": \"Happy Cheese\",\n\t            \"description\": \"\",\n\t            \"potentialAction\": [\n\t                {\n\t                    \"@type\": \"SearchAction\",\n\t                    \"target\": {\n\t                        \"@type\": \"EntryPoint\",\n\t                        \"urlTemplate\": \"https:\/\/www.happy-cheese.com\/de\/?s={search_term_string}\"\n\t                    },\n\t                    \"query-input\": {\n\t                        \"@type\": \"PropertyValueSpecification\",\n\t                        \"valueRequired\": true,\n\t                        \"valueName\": \"search_term_string\"\n\t                    }\n\t                }\n\t            ],\n\t            \"inLanguage\": \"de\"\n\t        }\n\t    ]\n\t}<\/script>\n<!-- \/ Yoast SEO Premium plugin. -->","yoast_head_json":{"title":"Schauen Sie sich unser Schmelzk\u00e4se-Sortiment an | Happy Cheese","description":"Entdecken Sie unsere Schmelzk\u00e4se im Glas, in der Dose und im Beh\u00e4lter. Auch erh\u00e4ltlich: Happy Slices.","robots":{"index":"index","follow":"follow","max-snippet":"max-snippet:-1","max-image-preview":"max-image-preview:large","max-video-preview":"max-video-preview:-1"},"canonical":"https:\/\/www.happy-cheese.com\/de\/","og_locale":"de_DE","og_type":"article","og_title":"Schauen Sie sich unser Schmelzk\u00e4se-Sortiment an | Happy Cheese","og_description":"Entdecken Sie unsere Schmelzk\u00e4se im Glas, in der Dose und im Beh\u00e4lter. Auch erh\u00e4ltlich: Happy Slices.","og_url":"https:\/\/www.happy-cheese.com\/de\/","og_site_name":"Happy Cheese DE","article_modified_time":"2022-05-11T09:57:57+00:00","twitter_card":"summary_large_image","twitter_misc":{"Gesch\u00e4tzte Lesezeit":"1\u00a0Minute"},"schema":{"@context":"https:\/\/schema.org","@graph":[{"@type":"WebPage","@id":"https:\/\/www.happy-cheese.com\/de\/","url":"https:\/\/www.happy-cheese.com\/de\/","name":"Schauen Sie sich unser Schmelzk\u00e4se-Sortiment an | Happy Cheese","isPartOf":{"@id":"https:\/\/www.happy-cheese.com\/de\/#website"},"datePublished":"2021-09-08T06:15:16+00:00","dateModified":"2022-05-11T09:57:57+00:00","description":"Entdecken Sie unsere Schmelzk\u00e4se im Glas, in der Dose und im Beh\u00e4lter. Auch erh\u00e4ltlich: Happy Slices.","breadcrumb":{"@id":"https:\/\/www.happy-cheese.com\/de\/#breadcrumb"},"inLanguage":"de","potentialAction":[{"@type":"ReadAction","target":["https:\/\/www.happy-cheese.com\/de\/"]}]},{"@type":"BreadcrumbList","@id":"https:\/\/www.happy-cheese.com\/de\/#breadcrumb","itemListElement":[{"@type":"ListItem","position":1,"name":"&nbsp;","item":"https:\/\/www.happy-cheese.com\/de\/"},{"@type":"ListItem","position":2,"name":"Wir sind Happy Cheese"}]},{"@type":"WebSite","@id":"https:\/\/www.happy-cheese.com\/de\/#website","url":"https:\/\/www.happy-cheese.com\/de\/","name":"Happy Cheese","description":"","potentialAction":[{"@type":"SearchAction","target":{"@type":"EntryPoint","urlTemplate":"https:\/\/www.happy-cheese.com\/de\/?s={search_term_string}"},"query-input":{"@type":"PropertyValueSpecification","valueRequired":true,"valueName":"search_term_string"}}],"inLanguage":"de"}]}},"_links":{"self":[{"href":"https:\/\/www.happy-cheese.com\/de\/wp-json\/wp\/v2\/pages\/2","targetHints":{"allow":["GET"]}}],"collection":[{"href":"https:\/\/www.happy-cheese.com\/de\/wp-json\/wp\/v2\/pages"}],"about":[{"href":"https:\/\/www.happy-cheese.com\/de\/wp-json\/wp\/v2\/types\/page"}],"author":[{"embeddable":true,"href":"https:\/\/www.happy-cheese.com\/de\/wp-json\/wp\/v2\/users\/1"}],"replies":[{"embeddable":true,"href":"https:\/\/www.happy-cheese.com\/de\/wp-json\/wp\/v2\/comments?post=2"}],"version-history":[{"count":25,"href":"https:\/\/www.happy-cheese.com\/de\/wp-json\/wp\/v2\/pages\/2\/revisions"}],"predecessor-version":[{"id":353,"href":"https:\/\/www.happy-cheese.com\/de\/wp-json\/wp\/v2\/pages\/2\/revisions\/353"}],"wp:attachment":[{"href":"https:\/\/www.happy-cheese.com\/de\/wp-json\/wp\/v2\/media?parent=2"}],"curies":[{"name":"wp","href":"https:\/\/api.w.org\/{rel}","templated":true}]}}